{"id":791,"date":"2018-01-05T14:48:53","date_gmt":"2018-01-05T13:48:53","guid":{"rendered":"https:\/\/www.agarditermal.hu\/?page_id=791"},"modified":"2024-09-02T13:14:39","modified_gmt":"2024-09-02T11:14:39","slug":"contact","status":"publish","type":"page","link":"https:\/\/www.agarditermal.hu\/en\/useful-information\/contact\/","title":{"rendered":"Contact"},"content":{"rendered":"<h4>Ag\u00e1rdi Medical and Thermal Bath<\/h4>\n2484 Ag\u00e1rd, F\u00fcrd\u0151 t\u00e9r 1.<br \/>\nPhone: 22\/579-230 Fax: 22\/579-249<br \/>\nEmail: <a href=\"mailto:info@agarditermal.hu\">info@agarditermal.hu<\/a> (Our e-mails are handled on weekdays between 8:00 and 16:30)!<br \/>\nInformation on National Health Insurance funded treatments:+36-22\/579-232<\/p>\n<p>Camping<\/p>\n<table style=\"width: 100%;\">\n<tbody>\n<tr>\n<td style=\"width: 46.4039%;\">Zsuzsanna Lamszidern\u00e9 Furdu<\/td>\n<td style=\"width: 53.4975%;\"><a href=\"mailto:kemping@agarditermal.hu\">kemping@agarditermal.hu<\/a><\/td>\n<\/tr>\n<tr>\n<td style=\"width: 46.4039%;\">Campsite information on current saturation:<\/td>\n<td style=\"width: 53.4975%;\">Phone: +3630\/577-2214 (during the opening time)<\/td>\n<\/tr>\n<\/tbody>\n<\/table>\n<p><iframe loading=\"lazy\" style=\"border: 0px currentColor;\" src=\"https:\/\/www.google.com\/maps\/embed?pb=!1m18!1m12!1m3!1d2711.425077209328!2d18.622427000000002!3d47.188691999999996!2m3!1f0!2f0!3f0!3m2!1i1024!2i768!4f13.1!3m3!1m2!1s0x0%3A0x622c7c8f61e19533!2zQWfDoXJkaSBHecOzZ3ktIMOpcyBUZXJtw6FsZsO8cmTFkQ!5e0!3m2!1shu!2shu!4v1500377753594\" width=\"600\" height=\"450\" frameborder=\"0\" allowfullscreen=\"allowfullscreen\" data-mce-fragment=\"1\"><\/iframe><\/p>\n<p>Geographic coordintes: \u00c9 47\u00b0 11&#8242; 53.40&#8243; , K 18\u00b0 37&#8242; 54.42&#8243;<\/p>\n<h4>Our Staff<\/h4>\n<div class=\"table-responsive\">\n<table class=\"table-striped table\" style=\"width: 100.493%; height: 205px;\" border=\"0\">\n<tbody>\n<tr style=\"height: 55px;\">\n<td style=\"width: 25.0246%; height: 55px;\">Secretary<\/td>\n<td style=\"width: 37.931%; height: 55px;\">Gabriella T\u00f3bi\u00e1s-Nagy<\/td>\n<td style=\"width: 36.9458%; height: 55px;\"><a href=\"mailto:info@agarditermal.hu\">info@agarditermal.hu<\/a><\/td>\n<\/tr>\n<tr style=\"height: 50px;\">\n<td style=\"width: 25.0246%; height: 50px;\">Economic manager<\/td>\n<td style=\"width: 37.931%; height: 50px;\">Marianna Soproni<\/td>\n<td style=\"width: 36.9458%; height: 50px;\"><a href=\"mailto:info@agarditermal.hu\">info@agarditermal.hu<\/a><\/td>\n<\/tr>\n<tr style=\"height: 50px;\">\n<td style=\"width: 25.0246%; height: 50px;\">General manager<\/td>\n<td style=\"width: 37.931%; height: 50px;\">L\u00e1szl\u00f3 Kov\u00e1cs T.<\/td>\n<td style=\"width: 36.9458%; height: 50px;\"><a href=\"mailto:uzemeltetes@agarditermal.hu\">uzemeltetes@agarditermal.hu<\/a><\/td>\n<\/tr>\n<tr style=\"height: 50px;\">\n<td style=\"width: 25.0246%; height: 50px;\">Marketing manager<\/td>\n<td style=\"width: 37.931%; height: 50px;\">Marcella Cs\u00f3k\u00e1s<\/td>\n<td style=\"width: 36.9458%; height: 50px;\"><a href=\"mailto:marketing@agarditermal.hu\">marketing@agarditermal.hu<\/a><\/td>\n<\/tr>\n<\/tbody>\n<\/table>\n<\/div>\n<table style=\"width: 0%;\">\n<tbody>\n<tr>\n<td style=\"width: 40.3814%;\">Data Protection Officer:<\/td>\n<td style=\"width: 108.901%;\">HHB Consulting Kft. \u2013 dr. Barbara Hajnern\u00e9 Horv\u00e1th<br \/>\n9012 Gy\u0151r, T\u0171zk\u0151-kert utca 13.<br \/>\n+36 30\u00a0 200 6347<br \/>\n<a href=\"mailto:dr.horvath.barbara@hhbconsulting.hu\">dr.horvath.barbara@hhbconsulting.hu<\/a><\/td>\n<\/tr>\n<\/tbody>\n<\/table>\n","protected":false},"excerpt":{"rendered":"<p>Ag\u00e1rdi Medical and Thermal Bath 2484 Ag\u00e1rd, F\u00fcrd\u0151 t\u00e9r 1. Phone: 22\/579-230 Fax: 22\/579-249 Email: info@agarditermal.hu (Our e-mails are handled on weekdays between 8:00 and 16:30)! Information on National Health Insurance funded treatments:+36-22\/579-232 Camping Zsuzsanna Lamszidern\u00e9 Furdu kemping@agarditermal.hu Campsite information on current saturation: Phone: +3630\/577-2214 (during the opening time) Geographic coordintes: \u00c9 47\u00b0 11&#8242; 53.40&#8243; , K 18\u00b0 37&#8242; 54.42&#8243; Our Staff Secretary Gabriella T\u00f3bi\u00e1s-Nagy info@agarditermal.hu Economic manager Marianna Soproni info@agarditermal.hu General manager L\u00e1szl\u00f3 Kov\u00e1cs T. uzemeltetes@agarditermal.hu Marketing manager Marcella Cs\u00f3k\u00e1s marketing@agarditermal.hu Data Protection Officer: HHB Consulting Kft. \u2013 dr. Barbara Hajnern\u00e9 Horv\u00e1th 9012 Gy\u0151r, T\u0171zk\u0151-kert utca 13. +36 30\u00a0 [&#8230;]<\/p>\n<p><a class=\"btn btn-secondary understrap-read-more-link\" href=\"https:\/\/www.agarditermal.hu\/en\/useful-information\/contact\/\">Read More&#8230;<span class=\"screen-reader-text\"> from Contact<\/span><\/a><\/p>\n","protected":false},"author":1,"featured_media":0,"parent":861,"menu_order":20,"comment_status":"closed","ping_status":"closed","template":"","meta":{"footnotes":""},"class_list":["post-791","page","type-page","status-publish","hentry"],"_links":{"self":[{"href":"https:\/\/www.agarditermal.hu\/en\/wp-json\/wp\/v2\/pages\/791","targetHints":{"allow":["GET"]}}],"collection":[{"href":"https:\/\/www.agarditermal.hu\/en\/wp-json\/wp\/v2\/pages"}],"about":[{"href":"https:\/\/www.agarditermal.hu\/en\/wp-json\/wp\/v2\/types\/page"}],"author":[{"embeddable":true,"href":"https:\/\/www.agarditermal.hu\/en\/wp-json\/wp\/v2\/users\/1"}],"replies":[{"embeddable":true,"href":"https:\/\/www.agarditermal.hu\/en\/wp-json\/wp\/v2\/comments?post=791"}],"version-history":[{"count":10,"href":"https:\/\/www.agarditermal.hu\/en\/wp-json\/wp\/v2\/pages\/791\/revisions"}],"predecessor-version":[{"id":5427,"href":"https:\/\/www.agarditermal.hu\/en\/wp-json\/wp\/v2\/pages\/791\/revisions\/5427"}],"up":[{"embeddable":true,"href":"https:\/\/www.agarditermal.hu\/en\/wp-json\/wp\/v2\/pages\/861"}],"wp:attachment":[{"href":"https:\/\/www.agarditermal.hu\/en\/wp-json\/wp\/v2\/media?parent=791"}],"curies":[{"name":"wp","href":"https:\/\/api.w.org\/{rel}","templated":true}]}}