{"id":2730,"date":"2019-11-05T10:11:36","date_gmt":"2019-11-05T09:11:36","guid":{"rendered":"https:\/\/www.agarditermal.hu\/?page_id=2730"},"modified":"2024-09-02T13:11:21","modified_gmt":"2024-09-02T11:11:21","slug":"geothermal-heating","status":"publish","type":"page","link":"https:\/\/www.agarditermal.hu\/en\/geothermal-heating\/","title":{"rendered":"Geothermal heating"},"content":{"rendered":"In the city of G\u00e1rdony, in order to take advantage of the natural resources (thermal water) and as a result of its efforts to use renewable energy, from an EU tender won in 2010 has developed a geothermal heating and hot water network that provides cheaper heating energy for its consumers. From October 2019, the system will be operated by the Spa and Thermal Bath of Ag\u00e1rd Zrt.<\/p>\n<p>&nbsp;<\/p>\n<p><strong>Our Consumers:<\/strong><\/p>\n<p>Ag\u00e1rd Thermal Bath and Spa<\/p>\n<p><span style=\"font-size: 1rem; text-align: var(--bs-body-text-align);\">Csuka Hall<\/span><\/p>\n<p>Chernel Istv\u00e1n Elementary and Secondary School<\/p>\n<p>Health Centre &#8211; KAPT\u00c1R<\/p>\n<p>Focus Social Service<\/p>\n<p>Elementary school of G\u00e1rdony<\/p>\n<p>G\u00e1rdonyi Kindergarten &#8211; Posta street<\/p>\n<p>Residential Block Otthon<\/p>\n<p>Residential Block Napsug\u00e1r OTP<\/p>\n<p>Residential Block Rem\u00e9ny<\/p>\n<p>Residential Block OTP<\/p>\n<p>House of generations<\/p>\n<p>Mayor&#8217;s Office<\/p>\n<p>Wellness Resident\u2019s Community<\/p>\n<p>Wellness Residential Park II.<\/p>\n<p>&nbsp;<\/p>\n<p><strong>Contact:<\/strong><\/p>\n<p><strong>Customer relations, Central contact:<\/strong><\/p>\n<p>Phone: +36 22\u00a0579 220<\/p>\n<p>E-mail: <a href=\"mailto:geofutes@agarditermal.hu\">geofutes@agarditermal.hu<\/a><\/p>\n<p>&nbsp;<\/p>\n<p><strong>Problem reporting, technical availability:<\/strong><\/p>\n<p>Phone: +36 20 617 6233<\/p>\n<p>E-mail: <a href=\"mailto:geofutes@agarditermal.hu\">geofutes@agarditermal.hu<\/a><\/p>\n","protected":false},"excerpt":{"rendered":"<p>In the city of G\u00e1rdony, in order to take advantage of the natural resources (thermal water) and as a result of its efforts to use renewable energy, from an EU tender won in 2010 has developed a geothermal heating and hot water network that provides cheaper heating energy for its consumers. From October 2019, the system will be operated by the Spa and Thermal Bath of Ag\u00e1rd Zrt. &nbsp; Our Consumers: Ag\u00e1rd Thermal Bath and Spa Csuka Hall Chernel Istv\u00e1n Elementary and Secondary School Health Centre &#8211; KAPT\u00c1R Focus Social Service Elementary school of G\u00e1rdony G\u00e1rdonyi Kindergarten &#8211; Posta street [&#8230;]<\/p>\n<p><a class=\"btn btn-secondary understrap-read-more-link\" href=\"https:\/\/www.agarditermal.hu\/en\/geothermal-heating\/\">Read More&#8230;<span class=\"screen-reader-text\"> from Geothermal heating<\/span><\/a><\/p>\n","protected":false},"author":1,"featured_media":0,"parent":0,"menu_order":0,"comment_status":"closed","ping_status":"closed","template":"","meta":{"footnotes":""},"class_list":["post-2730","page","type-page","status-publish","hentry"],"_links":{"self":[{"href":"https:\/\/www.agarditermal.hu\/en\/wp-json\/wp\/v2\/pages\/2730","targetHints":{"allow":["GET"]}}],"collection":[{"href":"https:\/\/www.agarditermal.hu\/en\/wp-json\/wp\/v2\/pages"}],"about":[{"href":"https:\/\/www.agarditermal.hu\/en\/wp-json\/wp\/v2\/types\/page"}],"author":[{"embeddable":true,"href":"https:\/\/www.agarditermal.hu\/en\/wp-json\/wp\/v2\/users\/1"}],"replies":[{"embeddable":true,"href":"https:\/\/www.agarditermal.hu\/en\/wp-json\/wp\/v2\/comments?post=2730"}],"version-history":[{"count":5,"href":"https:\/\/www.agarditermal.hu\/en\/wp-json\/wp\/v2\/pages\/2730\/revisions"}],"predecessor-version":[{"id":5426,"href":"https:\/\/www.agarditermal.hu\/en\/wp-json\/wp\/v2\/pages\/2730\/revisions\/5426"}],"wp:attachment":[{"href":"https:\/\/www.agarditermal.hu\/en\/wp-json\/wp\/v2\/media?parent=2730"}],"curies":[{"name":"wp","href":"https:\/\/api.w.org\/{rel}","templated":true}]}}