{"id":2064,"date":"2019-07-01T14:09:12","date_gmt":"2019-07-01T12:09:12","guid":{"rendered":"https:\/\/www.agarditermal.hu\/?page_id=2064"},"modified":"2020-06-01T14:54:33","modified_gmt":"2020-06-01T12:54:33","slug":"keszeg-karcsi-kidbeach","status":"publish","type":"page","link":"https:\/\/www.agarditermal.hu\/en\/keszeg-karcsi-kidbeach\/","title":{"rendered":"Keszeg Karcsi&#8217;s Kidbeach"},"content":{"rendered":"Keszeg Karcsi Kidbeach season starts at the Ag\u00e1rd Thermal Bath and Spa \ud83d\ude00<\/p>\n<p>As a tradition, until 20th August, on every day of the week from 10:00 to 18:00 our animators are waiting for all the kids who want to play. This year\u2019s programme won\u2019t miss the exciting competitions and exercises, and the biggest hits of the summer will surely be heard, and children can dance to them with Keszeg Karcsi, the mascot of the Bath. In addition to x-box games, table soccer, darts, and money-picking, this year a new attraction is being created, which children can try for the first time. And for the relaxed children, we provide a sunny place for uninterrupted handicrafts, for which our animators give you all the help and tools.<\/p>\n<p>The Ag\u00e1rd Thermal Bath and Spa is a real family bath, because every family member can find the best entertainment opportunity for themselves. Enjoy yourself with your family in the bottomless pit of experiences, we welcome the little and grown-up members of the families with love!<\/p>\n<p>&nbsp;<\/p>\n<p><span style=\"text-decoration: underline;\"><strong>Keszeg Karcsi downloadable games:<\/strong><\/span><\/p>\n<p><a href=\"https:\/\/www.agarditermal.hu\/wp-content\/uploads\/2019\/06\/k\u00f6ly\u00f6k-strand-\u00f6sszek\u00f6t\u0151s.pdf\" target=\"_blank\" rel=\"noopener noreferrer\">Keszeg Karcsi connective<\/a><\/p>\n<p><a href=\"https:\/\/www.agarditermal.hu\/wp-content\/uploads\/2019\/06\/k\u00f6ly\u00f6k-strand-r\u00e9szlet-keres\u0151.pdf\" target=\"_blank\" rel=\"noopener noreferrer\">Keszeg Karcsi detail search<\/a><\/p>\n<p><a href=\"https:\/\/www.agarditermal.hu\/wp-content\/uploads\/2019\/06\/k\u00f6ly\u00f6k-strand-k\u00fcl\u00f6nbs\u00e9g-keres\u0151-\u00e9s-sz\u00ednez\u0151.pdf\" target=\"_blank\" rel=\"noopener noreferrer\">Keszeg Karcsi difference finder and coloring<\/a><\/p>\n<h2 style=\"text-align: center;\">Gallery<\/h2>\n<div id='gallery-1' class='gallery galleryid-2064 gallery-columns-3 gallery-size-gallery-thumb'><figure class='gallery-item'>\n\t\t\t<div class='gallery-icon landscape'>\n\t\t\t\t<a href='https:\/\/www.agarditermal.hu\/wp-content\/uploads\/2017\/09\/IMG_3932-2.jpg'><img loading=\"lazy\" decoding=\"async\" width=\"470\" height=\"320\" src=\"https:\/\/www.agarditermal.hu\/wp-content\/uploads\/2017\/09\/IMG_3932-2-470x320.jpg\" class=\"attachment-gallery-thumb size-gallery-thumb\" alt=\"\" \/><\/a>\n\t\t\t<\/div><\/figure><figure class='gallery-item'>\n\t\t\t<div class='gallery-icon portrait'>\n\t\t\t\t<a href='https:\/\/www.agarditermal.hu\/wp-content\/uploads\/2019\/06\/64229063_381462415810536_4210379508538146816_n.jpg'><img loading=\"lazy\" decoding=\"async\" width=\"470\" height=\"320\" src=\"https:\/\/www.agarditermal.hu\/wp-content\/uploads\/2019\/06\/64229063_381462415810536_4210379508538146816_n-470x320.jpg\" class=\"attachment-gallery-thumb size-gallery-thumb\" alt=\"\" \/><\/a>\n\t\t\t<\/div><\/figure><figure class='gallery-item'>\n\t\t\t<div class='gallery-icon landscape'>\n\t\t\t\t<a href='https:\/\/www.agarditermal.hu\/wp-content\/uploads\/2019\/06\/64497965_881299592219805_2552756749165658112_n.jpg'><img loading=\"lazy\" decoding=\"async\" width=\"470\" height=\"320\" src=\"https:\/\/www.agarditermal.hu\/wp-content\/uploads\/2019\/06\/64497965_881299592219805_2552756749165658112_n-470x320.jpg\" class=\"attachment-gallery-thumb size-gallery-thumb\" alt=\"\" \/><\/a>\n\t\t\t<\/div><\/figure>\n\t\t<\/div>\n\n","protected":false},"excerpt":{"rendered":"<p>Keszeg Karcsi Kidbeach season starts at the Ag\u00e1rd Thermal Bath and Spa \ud83d\ude00 As a tradition, until 20th August, on every day of the week from 10:00 to 18:00 our animators are waiting for all the kids who want to play. This year\u2019s programme won\u2019t miss the exciting competitions and exercises, and the biggest hits of the summer will surely be heard, and children can dance to them with Keszeg Karcsi, the mascot of the Bath. In addition to x-box games, table soccer, darts, and money-picking, this year a new attraction is being created, which children can try for the [&#8230;]<\/p>\n<p><a class=\"btn btn-secondary understrap-read-more-link\" href=\"https:\/\/www.agarditermal.hu\/en\/keszeg-karcsi-kidbeach\/\">Read More&#8230;<span class=\"screen-reader-text\"> from Keszeg Karcsi&#8217;s Kidbeach<\/span><\/a><\/p>\n","protected":false},"author":2,"featured_media":3759,"parent":0,"menu_order":0,"comment_status":"closed","ping_status":"closed","template":"","meta":{"footnotes":""},"class_list":["post-2064","page","type-page","status-publish","has-post-thumbnail","hentry"],"_links":{"self":[{"href":"https:\/\/www.agarditermal.hu\/en\/wp-json\/wp\/v2\/pages\/2064","targetHints":{"allow":["GET"]}}],"collection":[{"href":"https:\/\/www.agarditermal.hu\/en\/wp-json\/wp\/v2\/pages"}],"about":[{"href":"https:\/\/www.agarditermal.hu\/en\/wp-json\/wp\/v2\/types\/page"}],"author":[{"embeddable":true,"href":"https:\/\/www.agarditermal.hu\/en\/wp-json\/wp\/v2\/users\/2"}],"replies":[{"embeddable":true,"href":"https:\/\/www.agarditermal.hu\/en\/wp-json\/wp\/v2\/comments?post=2064"}],"version-history":[{"count":7,"href":"https:\/\/www.agarditermal.hu\/en\/wp-json\/wp\/v2\/pages\/2064\/revisions"}],"predecessor-version":[{"id":3079,"href":"https:\/\/www.agarditermal.hu\/en\/wp-json\/wp\/v2\/pages\/2064\/revisions\/3079"}],"wp:featuredmedia":[{"embeddable":true,"href":"https:\/\/www.agarditermal.hu\/en\/wp-json\/wp\/v2\/media\/3759"}],"wp:attachment":[{"href":"https:\/\/www.agarditermal.hu\/en\/wp-json\/wp\/v2\/media?parent=2064"}],"curies":[{"name":"wp","href":"https:\/\/api.w.org\/{rel}","templated":true}]}}